{"id":6,"date":"2017-06-13T07:54:47","date_gmt":"2017-06-13T07:54:47","guid":{"rendered":"http:\/\/www.la-alhambra.com.ar\/web\/?page_id=6"},"modified":"2017-09-28T06:16:51","modified_gmt":"2017-09-28T06:16:51","slug":"la-alhambra-viajes","status":"publish","type":"page","link":"https:\/\/www.la-alhambra.com.ar\/web\/la-alhambra-viajes\/","title":{"rendered":"La Alhambra Viajes"},"content":{"rendered":"<h2 class=\"textos\" align=\"left\">La Alhambra Viajes<\/h2>\n<p class=\"textos\" align=\"left\"><span style=\"color: #333333;\">La Alhambra Viajes y Turismo comienza sus actividades\u00a0en diciembre de 1999, con un concepto de servicio: \u00abBrindar el mejor tratamiento personalizado a nuestros pasajeros\u00bb.<\/span><\/p>\n<h5 class=\"textos\"><span style=\"color: #333333;\">Este concepto se basa en 3 objetivos:<\/span><\/h5>\n<p class=\"textosnegrita\"><span style=\"color: #333333;\">1.- \u00abCubrir las necesidades y expectativas de nuestros pasajeros\u00bb.<\/span><\/p>\n<p class=\"textosnegrita\"><span style=\"color: #333333;\">2.- \u00abDar tratamiento \u00fanico a cada solicitud de servicio\u00bb.<\/span><\/p>\n<p class=\"textosnegrita\"><span style=\"color: #333333;\">3.- \u00abLograr la mayor satisfacci\u00f3n en nuetros clientes, siempre\u00bb<\/span><\/p>\n<p class=\"textos\"><span style=\"color: #333333;\">Para ello contamos con personal idoneo y experimentado en el sector de viajes y turismo, dispuesto a asesorarlo convenientemente para que <span class=\"textosnegrita\">Usted tome la mejor decisi\u00f3n.<\/span> Permanentemente estamos sumando capacitaci\u00f3n y herramientas tecnol\u00f3gicas que permitan mejorar el nivel de servicio cada d\u00eda.<\/span><\/p>\n<p class=\"textos\"><span style=\"color: #333333;\"><span class=\"textosnegrita\">Nuestra mejor tarjeta de presentaci\u00f3n son nuestros clientes, Ustedes,\u00a0<\/span>que han confiado y conf\u00edan en nosotros cada\u00a0viaje de placer o negocio, y que adem\u00e1s nos recomiendan a sus amigos y familiares a visitar nuestra agencia.<\/span><\/p>\n","protected":false},"excerpt":{"rendered":"<p>La Alhambra Viajes La Alhambra Viajes y Turismo comienza sus actividades\u00a0en diciembre de 1999, con un concepto de servicio: \u00abBrindar el mejor tratamiento personalizado a nuestros<span class=\"excerpt-hellip\"> [\u2026]<\/span><\/p>\n","protected":false},"author":1,"featured_media":0,"parent":0,"menu_order":0,"comment_status":"closed","ping_status":"closed","template":"","meta":{"footnotes":""},"class_list":["post-6","page","type-page","status-publish","hentry"],"jetpack_shortlink":"https:\/\/wp.me\/P936q1-6","jetpack-related-posts":[],"jetpack_sharing_enabled":true,"publishpress_future_action":{"enabled":false,"date":"2026-04-14 11:10:55","action":"change-status","newStatus":"draft","terms":[],"taxonomy":""},"publishpress_future_workflow_manual_trigger":{"enabledWorkflows":[]},"_links":{"self":[{"href":"https:\/\/www.la-alhambra.com.ar\/web\/wp-json\/wp\/v2\/pages\/6","targetHints":{"allow":["GET"]}}],"collection":[{"href":"https:\/\/www.la-alhambra.com.ar\/web\/wp-json\/wp\/v2\/pages"}],"about":[{"href":"https:\/\/www.la-alhambra.com.ar\/web\/wp-json\/wp\/v2\/types\/page"}],"author":[{"embeddable":true,"href":"https:\/\/www.la-alhambra.com.ar\/web\/wp-json\/wp\/v2\/users\/1"}],"replies":[{"embeddable":true,"href":"https:\/\/www.la-alhambra.com.ar\/web\/wp-json\/wp\/v2\/comments?post=6"}],"version-history":[{"count":5,"href":"https:\/\/www.la-alhambra.com.ar\/web\/wp-json\/wp\/v2\/pages\/6\/revisions"}],"predecessor-version":[{"id":260,"href":"https:\/\/www.la-alhambra.com.ar\/web\/wp-json\/wp\/v2\/pages\/6\/revisions\/260"}],"wp:attachment":[{"href":"https:\/\/www.la-alhambra.com.ar\/web\/wp-json\/wp\/v2\/media?parent=6"}],"curies":[{"name":"wp","href":"https:\/\/api.w.org\/{rel}","templated":true}]}}