{"id":10,"date":"2017-06-13T07:57:46","date_gmt":"2017-06-13T07:57:46","guid":{"rendered":"http:\/\/www.la-alhambra.com.ar\/web\/?page_id=10"},"modified":"2017-09-28T06:18:44","modified_gmt":"2017-09-28T06:18:44","slug":"recomendaciones","status":"publish","type":"page","link":"https:\/\/www.la-alhambra.com.ar\/web\/recomendaciones\/","title":{"rendered":"Recomendaciones"},"content":{"rendered":"<h2 class=\"textos\">Recomendaciones<\/h2>\n<p class=\"textos\"><span style=\"color: #333333;\">Para un viaje sin sorpresas, recomendamos:<\/span><\/p>\n<ol>\n<li class=\"textos\"><span style=\"color: #333333;\">Poseer toda la documentaci\u00f3n necesaria para el viaje (DNI, pasaporte, visas, permisos para menores de edad, vacunaci\u00f3n, vouchers, tickets a\u00e9reos, \u00f3rdenes de servicio, etc.)<\/span><\/li>\n<li class=\"textos\"><span style=\"color: #333333;\">Verificar el estado f\u00edsico y fecha de vigencia de los documentos de viaje.<\/span><\/li>\n<li class=\"textos\"><span style=\"color: #333333;\">Contar con un seguro integral al viajero, especialmente en los viajes al exterior. Se recomienda contar con un seguro de amplia cobertura m\u00e9dica.<\/span><\/li>\n<li class=\"textos\"><span style=\"color: #333333;\">Tener siempre presente que constituye una obligaci\u00f3n ineludible de toda persona que viaja al extranjero respetar las leyes de otros pa\u00edses, que en muchos casos difieren de las leyes argentinas.<\/span><\/li>\n<li class=\"textos\"><span style=\"color: #333333;\">Tomar nota de los tel\u00e9fonos y direcciones de las Embajadas o Consulados de\u00a0<\/span><span style=\"color: #333333;\">Argentina en otros paises, ante cualquier necesidad de acudir a la canciller\u00eda.<\/span><\/li>\n<li class=\"textos\"><span style=\"color: #333333;\">Consultar los consejos y normas sanitarias para viajeros internacionales.<\/span><\/li>\n<li class=\"textos\"><span style=\"color: #333333;\">Asesorarse conveniente en los distintos organismos competentes oficiales\u00a0y con nuestros ejecutivos para un correcto accionar.<\/span><\/li>\n<\/ol>\n","protected":false},"excerpt":{"rendered":"<p>Recomendaciones Para un viaje sin sorpresas, recomendamos: Poseer toda la documentaci\u00f3n necesaria para el viaje (DNI, pasaporte, visas, permisos para menores de edad, vacunaci\u00f3n, vouchers, tickets<span class=\"excerpt-hellip\"> [\u2026]<\/span><\/p>\n","protected":false},"author":1,"featured_media":0,"parent":0,"menu_order":0,"comment_status":"closed","ping_status":"closed","template":"","meta":{"footnotes":""},"class_list":["post-10","page","type-page","status-publish","hentry"],"jetpack_shortlink":"https:\/\/wp.me\/P936q1-a","jetpack-related-posts":[],"jetpack_sharing_enabled":true,"publishpress_future_action":{"enabled":false,"date":"2026-04-18 10:12:40","action":"change-status","newStatus":"draft","terms":[],"taxonomy":""},"publishpress_future_workflow_manual_trigger":{"enabledWorkflows":[]},"_links":{"self":[{"href":"https:\/\/www.la-alhambra.com.ar\/web\/wp-json\/wp\/v2\/pages\/10","targetHints":{"allow":["GET"]}}],"collection":[{"href":"https:\/\/www.la-alhambra.com.ar\/web\/wp-json\/wp\/v2\/pages"}],"about":[{"href":"https:\/\/www.la-alhambra.com.ar\/web\/wp-json\/wp\/v2\/types\/page"}],"author":[{"embeddable":true,"href":"https:\/\/www.la-alhambra.com.ar\/web\/wp-json\/wp\/v2\/users\/1"}],"replies":[{"embeddable":true,"href":"https:\/\/www.la-alhambra.com.ar\/web\/wp-json\/wp\/v2\/comments?post=10"}],"version-history":[{"count":6,"href":"https:\/\/www.la-alhambra.com.ar\/web\/wp-json\/wp\/v2\/pages\/10\/revisions"}],"predecessor-version":[{"id":403,"href":"https:\/\/www.la-alhambra.com.ar\/web\/wp-json\/wp\/v2\/pages\/10\/revisions\/403"}],"wp:attachment":[{"href":"https:\/\/www.la-alhambra.com.ar\/web\/wp-json\/wp\/v2\/media?parent=10"}],"curies":[{"name":"wp","href":"https:\/\/api.w.org\/{rel}","templated":true}]}}